{"id":40909,"date":"2022-04-14T17:31:57","date_gmt":"2022-04-14T15:31:57","guid":{"rendered":"http:\/\/test.radio-marabu.de\/?page_id=40909"},"modified":"2022-04-29T22:23:08","modified_gmt":"2022-04-29T20:23:08","slug":"sendeplan-romantik-lite-rock","status":"publish","type":"page","link":"https:\/\/radio-marabu.de\/wordpress\/index.php\/sendeplan-romantik-lite-rock\/","title":{"rendered":"Sendeplan romantik lite rock"},"content":{"rendered":"\t\t<div data-elementor-type=\"wp-page\" data-elementor-id=\"40909\" class=\"elementor elementor-40909\" data-elementor-post-type=\"page\">\n\t\t\t\t\t\t<section class=\"elementor-section elementor-top-section elementor-element elementor-element-fa525d7 elementor-section-boxed elementor-section-height-default elementor-section-height-default\" data-id=\"fa525d7\" data-element_type=\"section\" data-e-type=\"section\">\n\t\t\t\t\t\t<div class=\"elementor-container elementor-column-gap-default\">\n\t\t\t\t\t<div class=\"elementor-column elementor-col-100 elementor-top-column elementor-element elementor-element-566f6b1\" data-id=\"566f6b1\" data-element_type=\"column\" data-e-type=\"column\">\n\t\t\t<div class=\"elementor-widget-wrap elementor-element-populated\">\n\t\t\t\t\t\t<div class=\"elementor-element elementor-element-d519974 elementor-widget elementor-widget-heading\" data-id=\"d519974\" data-element_type=\"widget\" data-e-type=\"widget\" data-widget_type=\"heading.default\">\n\t\t\t\t<div class=\"elementor-widget-container\">\n\t\t\t\t\t<h2 class=\"elementor-heading-title elementor-size-default\">Sendeplan romantik lite rock<\/h2>\t\t\t\t<\/div>\n\t\t\t\t<\/div>\n\t\t\t\t\t<\/div>\n\t\t<\/div>\n\t\t\t\t\t<\/div>\n\t\t<\/section>\n\t\t\t\t<section class=\"elementor-section elementor-top-section elementor-element elementor-element-5381b0e elementor-section-height-min-height elementor-section-boxed elementor-section-height-default elementor-section-items-middle\" data-id=\"5381b0e\" data-element_type=\"section\" data-e-type=\"section\">\n\t\t\t\t\t\t<div class=\"elementor-container elementor-column-gap-default\">\n\t\t\t\t\t<div class=\"elementor-column elementor-col-100 elementor-top-column elementor-element elementor-element-f29de91\" data-id=\"f29de91\" data-element_type=\"column\" data-e-type=\"column\">\n\t\t\t<div class=\"elementor-widget-wrap elementor-element-populated\">\n\t\t\t\t\t\t<div class=\"elementor-element elementor-element-7f8fa60 elementor-widget elementor-widget-text-editor\" data-id=\"7f8fa60\" data-element_type=\"widget\" data-e-type=\"widget\" data-widget_type=\"text-editor.default\">\n\t\t\t\t<div class=\"elementor-widget-container\">\n\t\t\t\t\t\t\t\t\t<p><b>Montag bis Donnerstag<\/b><\/p><p><b>00.00 UHR &#8211; 20.00UHR<\/b><\/p><p>RomantikLiteRock<br \/>Der entspannte Sound f\u00fcr den Tag.<br \/>RomantikLiteRock- ein klassisches SoftAC Format mit internationalen Klassikern.Darin.<\/p><p><b>12.00 UHR &#8211; Romantik Lite Rock LunchtimeGold<br \/>17.00 UHR &#8211; Romantik Lite Rock TeatimeGold<\/b><\/p><p><b>20.00UHR &#8211; 23.00UHR<\/b><\/p><p>RomantikLiteRock 2<br \/>Das tiefere Abend\/Nachtformat von RomantikLiteRock.<\/p><p><b>23.00UHR &#8211; 24.00UHR<\/b><\/p><p>Lyrik mit Hans-Peter K\u00f6rner<\/p><p><b>Freitag<\/b><\/p><p><b>00.00UHR &#8211; 20.00UHR<\/b><\/p><p>Romantik Lite Rock<br \/>Der entspannte Sound f\u00fcr den Tag.<br \/>RomantikLiteRock- ein klassisches SoftAC Format mit internationalen Klassikern.<\/p><p><b>12.00 UHR &#8211; RoamntikLiteRock LunchtimeGold<br \/>17.00 UHR &#8211; RomantikLiteRock TeatimeGold<\/b><\/p><p><b>20.00UHR &#8211; 02.00UHR<\/b><\/p><p>Romantik Lite Rock 4- mit ausgew\u00e4hlten Klassikern und einigen neuen Tracks darf getanzt werden.<\/p><p><b>Samstag<\/b><\/p><p><b>02.00UHR &#8211; 20.00UHR<\/b><\/p><p>Romantik Lite Rock 3- das Wochenendformat von Romantik Lite Rock. Soft AC durchsetzt mit popul\u00e4ren Uptemponummern.\u00a0<\/p><p><b>12.00 UHR &#8211; Roamntik Lite Rock LunchtimeGold<br \/>17.00 UHR &#8211; Romantik Lite Rock TeatimeGold<\/b><\/p><p><b>20.00UHR &#8211; 02.00UHR<\/b><\/p><p>Romantik Lite Rock 4- mit ausgew\u00e4hlten Klassikern und einigen neuen Tracks darf getanzt werden.<\/p><p><b>Sonntag<\/b><\/p><p><b>02.00UHR &#8211; 06.00UHR<\/b><\/p><p>Romantik Lite Rock 3- das Wochenendformat von RomantikLiteRock. Soft AC durchsetzt mit popul\u00e4ren Uptemponummern.<\/p><p><b>06.00UHR &#8211; 12.00UHR<\/b><\/p><p>Romantik Lite Rock- The Vault<\/p><p>Z\u00fcr\u00fcck zu den Urspr\u00fcngen des LiteRock. Sonntag morgen- die Klassiker.<\/p><p><b>12.00UHR &#8211; 23.00UHR<\/b><\/p><p>Romantik Lite Rock 3- das Wochenendformat von RomantikLiteRock. Soft AC durchsetzt mit popul\u00e4ren Uptemponummern.<\/p><p><b>18.00UHR &#8211; 20.00UHR<\/b><\/p><p>Romantik Lite Rock NEU- aktuelle Titel aus unserer Playlist, jede Woche neu.<\/p><p><b>23.00UHR &#8211; 24.00UHR<\/b><\/p><p>Lyrik mit Hans-Peter K\u00f6rner\u00a0<\/p><p>\u00a0<\/p>\t\t\t\t\t\t\t\t<\/div>\n\t\t\t\t<\/div>\n\t\t\t\t\t<\/div>\n\t\t<\/div>\n\t\t\t\t\t<\/div>\n\t\t<\/section>\n\t\t\t\t<\/div>\n\t\t","protected":false},"excerpt":{"rendered":"<p>Sendeplan romantik lite rock Montag bis Donnerstag 00.00 UHR &#8211; 20.00UHR RomantikLiteRockDer entspannte Sound f\u00fcr den Tag.RomantikLiteRock- ein klassisches SoftAC Format mit internationalen Klassikern.Darin. 12.00 UHR &#8211; Romantik Lite Rock LunchtimeGold17.00 UHR &#8211; Romantik Lite Rock TeatimeGold 20.00UHR &#8211; 23.00UHR RomantikLiteRock 2Das tiefere Abend\/Nachtformat von RomantikLiteRock. 23.00UHR &#8211; 24.00UHR Lyrik mit Hans-Peter K\u00f6rner Freitag 00.00UHR [&hellip;]<\/p>\n","protected":false},"author":2,"featured_media":0,"parent":0,"menu_order":0,"comment_status":"closed","ping_status":"closed","template":"","meta":{"_acf_changed":false,"episode_type":"","audio_file":"","podmotor_file_id":"","podmotor_episode_id":"","cover_image":"","cover_image_id":"","duration":"","filesize":"","filesize_raw":"","date_recorded":"","explicit":"","block":"","itunes_episode_number":"","itunes_title":"","itunes_season_number":"","itunes_episode_type":"","footnotes":""},"class_list":["post-40909","page","type-page","status-publish","hentry"],"acf":[],"_links":{"self":[{"href":"https:\/\/radio-marabu.de\/wordpress\/index.php\/wp-json\/wp\/v2\/pages\/40909","targetHints":{"allow":["GET"]}}],"collection":[{"href":"https:\/\/radio-marabu.de\/wordpress\/index.php\/wp-json\/wp\/v2\/pages"}],"about":[{"href":"https:\/\/radio-marabu.de\/wordpress\/index.php\/wp-json\/wp\/v2\/types\/page"}],"author":[{"embeddable":true,"href":"https:\/\/radio-marabu.de\/wordpress\/index.php\/wp-json\/wp\/v2\/users\/2"}],"replies":[{"embeddable":true,"href":"https:\/\/radio-marabu.de\/wordpress\/index.php\/wp-json\/wp\/v2\/comments?post=40909"}],"version-history":[{"count":28,"href":"https:\/\/radio-marabu.de\/wordpress\/index.php\/wp-json\/wp\/v2\/pages\/40909\/revisions"}],"predecessor-version":[{"id":41217,"href":"https:\/\/radio-marabu.de\/wordpress\/index.php\/wp-json\/wp\/v2\/pages\/40909\/revisions\/41217"}],"wp:attachment":[{"href":"https:\/\/radio-marabu.de\/wordpress\/index.php\/wp-json\/wp\/v2\/media?parent=40909"}],"curies":[{"name":"wp","href":"https:\/\/api.w.org\/{rel}","templated":true}]}}