{"id":810,"date":"2022-02-19T18:10:49","date_gmt":"2022-02-19T17:10:49","guid":{"rendered":"http:\/\/test.radio-marabu.de\/?page_id=810"},"modified":"2022-04-30T00:46:14","modified_gmt":"2022-04-29T22:46:14","slug":"das-team-2","status":"publish","type":"page","link":"https:\/\/radio-marabu.de\/wordpress\/index.php\/das-team-2\/","title":{"rendered":"Das Team"},"content":{"rendered":"\t\t<div data-elementor-type=\"wp-page\" data-elementor-id=\"810\" class=\"elementor elementor-810\" data-elementor-post-type=\"page\">\n\t\t\t\t\t\t<section class=\"elementor-section elementor-top-section elementor-element elementor-element-4fba0a1 elementor-section-height-min-height elementor-section-content-middle elementor-section-boxed elementor-section-height-default elementor-section-items-middle\" data-id=\"4fba0a1\" data-element_type=\"section\" data-e-type=\"section\">\n\t\t\t\t\t\t<div class=\"elementor-container elementor-column-gap-default\">\n\t\t\t\t\t<div class=\"elementor-column elementor-col-100 elementor-top-column elementor-element elementor-element-bcebd6a\" data-id=\"bcebd6a\" data-element_type=\"column\" data-e-type=\"column\">\n\t\t\t<div class=\"elementor-widget-wrap elementor-element-populated\">\n\t\t\t\t\t\t<div class=\"elementor-element elementor-element-7282983 elementor-grid-3 elementor-grid-tablet-2 elementor-grid-mobile-1 elementor-posts--thumbnail-top elementor-card-shadow-yes elementor-posts__hover-gradient load-more-align-center elementor-widget elementor-widget-posts\" data-id=\"7282983\" data-element_type=\"widget\" data-e-type=\"widget\" data-settings=\"{&quot;pagination_type&quot;:&quot;load_more_on_click&quot;,&quot;cards_masonry&quot;:&quot;yes&quot;,&quot;cards_columns&quot;:&quot;3&quot;,&quot;cards_columns_tablet&quot;:&quot;2&quot;,&quot;cards_columns_mobile&quot;:&quot;1&quot;,&quot;cards_row_gap&quot;:{&quot;unit&quot;:&quot;px&quot;,&quot;size&quot;:35,&quot;sizes&quot;:[]},&quot;cards_row_gap_tablet&quot;:{&quot;unit&quot;:&quot;px&quot;,&quot;size&quot;:&quot;&quot;,&quot;sizes&quot;:[]},&quot;cards_row_gap_mobile&quot;:{&quot;unit&quot;:&quot;px&quot;,&quot;size&quot;:&quot;&quot;,&quot;sizes&quot;:[]},&quot;load_more_spinner&quot;:{&quot;value&quot;:&quot;fas fa-spinner&quot;,&quot;library&quot;:&quot;fa-solid&quot;}}\" data-widget_type=\"posts.cards\">\n\t\t\t\t<div class=\"elementor-widget-container\">\n\t\t\t\t\t\t\t<div class=\"elementor-posts-container elementor-posts elementor-posts--skin-cards elementor-grid\" role=\"list\">\n\t\t\t\t<article class=\"elementor-post elementor-grid-item post-1008 team type-team status-publish has-post-thumbnail hentry funktion-chefetage\" role=\"listitem\">\n\t\t\t<div class=\"elementor-post__card\">\n\t\t\t\t<a class=\"elementor-post__thumbnail__link\" href=\"https:\/\/radio-marabu.de\/wordpress\/index.php\/team\/reiner-palma\/\" tabindex=\"-1\" ><div class=\"elementor-post__thumbnail\"><img fetchpriority=\"high\" decoding=\"async\" width=\"300\" height=\"258\" src=\"https:\/\/radio-marabu.de\/wordpress\/wp-content\/uploads\/2022\/02\/Reiner2013_21-300x258.jpeg\" class=\"attachment-medium size-medium wp-image-132\" alt=\"\" srcset=\"https:\/\/radio-marabu.de\/wordpress\/wp-content\/uploads\/2022\/02\/Reiner2013_21-300x258.jpeg 300w, https:\/\/radio-marabu.de\/wordpress\/wp-content\/uploads\/2022\/02\/Reiner2013_21.jpeg 461w\" sizes=\"(max-width: 300px) 100vw, 300px\" \/><\/div><\/a>\n\t\t\t\t<div class=\"elementor-post__badge\">Chefetage<\/div>\n\t\t\t\t<div class=\"elementor-post__text\">\n\t\t\t\t<h3 class=\"elementor-post__title\">\n\t\t\t<a href=\"https:\/\/radio-marabu.de\/wordpress\/index.php\/team\/reiner-palma\/\" >\n\t\t\t\tReiner Palma\t\t\t<\/a>\n\t\t<\/h3>\n\t\t\t\t<div class=\"elementor-post__excerpt\">\n\t\t\t<p>1.Seit 1964 auf Erden <\/p>\n<p>2.Gr\u00fcndete 1984 RADIO MARABU<\/p>\n<p>3.Liebt die EINST\u00dcRZENDEN NEUBAUTEN &#038; NICK CAVE <\/p>\n<p>4.Mag griechisches Essen und Katzen <\/p>\n<p>5. Rechtsanwalt<\/p>\n\t\t<\/div>\n\t\t\t\t<\/div>\n\t\t\t\t\t<\/div>\n\t\t<\/article>\n\t\t\t\t<article class=\"elementor-post elementor-grid-item post-1012 team type-team status-publish has-post-thumbnail hentry funktion-moderation\" role=\"listitem\">\n\t\t\t<div class=\"elementor-post__card\">\n\t\t\t\t<a class=\"elementor-post__thumbnail__link\" href=\"https:\/\/radio-marabu.de\/wordpress\/index.php\/team\/marcel-fischer\/\" tabindex=\"-1\" ><div class=\"elementor-post__thumbnail\"><img decoding=\"async\" width=\"300\" height=\"225\" src=\"https:\/\/radio-marabu.de\/wordpress\/wp-content\/uploads\/2022\/02\/Marcel2017_VonOben2-1024x768-1-300x225.jpeg\" class=\"attachment-medium size-medium wp-image-139\" alt=\"\" srcset=\"https:\/\/radio-marabu.de\/wordpress\/wp-content\/uploads\/2022\/02\/Marcel2017_VonOben2-1024x768-1-300x225.jpeg 300w, https:\/\/radio-marabu.de\/wordpress\/wp-content\/uploads\/2022\/02\/Marcel2017_VonOben2-1024x768-1-768x576.jpeg 768w, https:\/\/radio-marabu.de\/wordpress\/wp-content\/uploads\/2022\/02\/Marcel2017_VonOben2-1024x768-1.jpeg 1024w\" sizes=\"(max-width: 300px) 100vw, 300px\" \/><\/div><\/a>\n\t\t\t\t<div class=\"elementor-post__badge\">Moderation<\/div>\n\t\t\t\t<div class=\"elementor-post__text\">\n\t\t\t\t<h3 class=\"elementor-post__title\">\n\t\t\t<a href=\"https:\/\/radio-marabu.de\/wordpress\/index.php\/team\/marcel-fischer\/\" >\n\t\t\t\tMarcel Fischer\t\t\t<\/a>\n\t\t<\/h3>\n\t\t\t\t<div class=\"elementor-post__excerpt\">\n\t\t\t<p>1.Geboren 1971 in Erfurt<\/p>\n<p>2.seit 1983 DJ, seit 1995 beim Radio, auch bei MARABU<\/p>\n<p>3.f\u00fcr den Sound und das Programm von RADIO MARABU in der Pflicht<\/p>\n<p>4.hat heimliche Vorliebe f\u00fcr NEIL DIAMOND und GERHARD NEEF<\/p>\n<p>5.Papa seit dem Juni 2005<\/p>\n\t\t<\/div>\n\t\t\t\t<\/div>\n\t\t\t\t\t<\/div>\n\t\t<\/article>\n\t\t\t\t<article class=\"elementor-post elementor-grid-item post-1330 team type-team status-publish has-post-thumbnail hentry funktion-moderation\" role=\"listitem\">\n\t\t\t<div class=\"elementor-post__card\">\n\t\t\t\t<a class=\"elementor-post__thumbnail__link\" href=\"https:\/\/radio-marabu.de\/wordpress\/index.php\/team\/anett-schilling\/\" tabindex=\"-1\" ><div class=\"elementor-post__thumbnail\"><img decoding=\"async\" width=\"300\" height=\"225\" src=\"https:\/\/radio-marabu.de\/wordpress\/wp-content\/uploads\/2022\/02\/AnettSchilling2016_WalterEddie-1024x768-1-300x225.jpeg\" class=\"attachment-medium size-medium wp-image-140\" alt=\"\" srcset=\"https:\/\/radio-marabu.de\/wordpress\/wp-content\/uploads\/2022\/02\/AnettSchilling2016_WalterEddie-1024x768-1-300x225.jpeg 300w, https:\/\/radio-marabu.de\/wordpress\/wp-content\/uploads\/2022\/02\/AnettSchilling2016_WalterEddie-1024x768-1-768x576.jpeg 768w, https:\/\/radio-marabu.de\/wordpress\/wp-content\/uploads\/2022\/02\/AnettSchilling2016_WalterEddie-1024x768-1.jpeg 1024w\" sizes=\"(max-width: 300px) 100vw, 300px\" \/><\/div><\/a>\n\t\t\t\t<div class=\"elementor-post__badge\">Moderation<\/div>\n\t\t\t\t<div class=\"elementor-post__text\">\n\t\t\t\t<h3 class=\"elementor-post__title\">\n\t\t\t<a href=\"https:\/\/radio-marabu.de\/wordpress\/index.php\/team\/anett-schilling\/\" >\n\t\t\t\tAnett Schilling\t\t\t<\/a>\n\t\t<\/h3>\n\t\t\t\t<div class=\"elementor-post__excerpt\">\n\t\t\t<p>1. erblickte 1972 das Licht der Welt<\/p>\n<p>2. in unserer Redaktion f\u00fcr Webseite\/Facebook etc. im Dienst<\/p>\n<p>3. seit 2015 als Moderatorin im Programm zu h\u00f6ren <\/p>\n<p>4. wichtig f\u00fcr unsere Witze<\/p>\n\t\t<\/div>\n\t\t\t\t<\/div>\n\t\t\t\t\t<\/div>\n\t\t<\/article>\n\t\t\t\t<article class=\"elementor-post elementor-grid-item post-1341 team type-team status-publish has-post-thumbnail hentry funktion-moderation\" role=\"listitem\">\n\t\t\t<div class=\"elementor-post__card\">\n\t\t\t\t<a class=\"elementor-post__thumbnail__link\" href=\"https:\/\/radio-marabu.de\/wordpress\/index.php\/team\/regina-thoss\/\" tabindex=\"-1\" ><div class=\"elementor-post__thumbnail\"><img loading=\"lazy\" decoding=\"async\" width=\"300\" height=\"225\" src=\"https:\/\/radio-marabu.de\/wordpress\/wp-content\/uploads\/2022\/02\/MARABU2021_ReginaThoss-1024x768-1-300x225.jpeg\" class=\"attachment-medium size-medium wp-image-152\" alt=\"\" srcset=\"https:\/\/radio-marabu.de\/wordpress\/wp-content\/uploads\/2022\/02\/MARABU2021_ReginaThoss-1024x768-1-300x225.jpeg 300w, https:\/\/radio-marabu.de\/wordpress\/wp-content\/uploads\/2022\/02\/MARABU2021_ReginaThoss-1024x768-1-768x576.jpeg 768w, https:\/\/radio-marabu.de\/wordpress\/wp-content\/uploads\/2022\/02\/MARABU2021_ReginaThoss-1024x768-1.jpeg 1024w\" sizes=\"(max-width: 300px) 100vw, 300px\" \/><\/div><\/a>\n\t\t\t\t<div class=\"elementor-post__badge\">Moderation<\/div>\n\t\t\t\t<div class=\"elementor-post__text\">\n\t\t\t\t<h3 class=\"elementor-post__title\">\n\t\t\t<a href=\"https:\/\/radio-marabu.de\/wordpress\/index.php\/team\/regina-thoss\/\" >\n\t\t\t\tRegina Thoss\t\t\t<\/a>\n\t\t<\/h3>\n\t\t\t\t<div class=\"elementor-post__excerpt\">\n\t\t\t<p>1. 1946 in Zwickau geboren.<\/p>\n<p>2. seit 1964 als Schlager- Chansons\u00e4ngerin aktiv<\/p>\n<p>3. 1966 Durchbruch mit &#8222;Die erste Nacht am Meer&#8220;<\/p>\n<p>4. 4 AMIGA LPs und weitere nach 1989<\/p>\n<p>5. moderiert beim Schwestersender &#8230;ddreins. Sonnabend 16UHR<\/p>\n\t\t<\/div>\n\t\t\t\t<\/div>\n\t\t\t\t\t<\/div>\n\t\t<\/article>\n\t\t\t\t<article class=\"elementor-post elementor-grid-item post-1333 team type-team status-publish has-post-thumbnail hentry funktion-kolumne\" role=\"listitem\">\n\t\t\t<div class=\"elementor-post__card\">\n\t\t\t\t<a class=\"elementor-post__thumbnail__link\" href=\"https:\/\/radio-marabu.de\/wordpress\/index.php\/team\/juergen-eger\/\" tabindex=\"-1\" ><div class=\"elementor-post__thumbnail\"><img loading=\"lazy\" decoding=\"async\" width=\"300\" height=\"225\" src=\"https:\/\/radio-marabu.de\/wordpress\/wp-content\/uploads\/2022\/02\/MARABU2018_Ju\u0308rgenEgerMitRadio-1024x768-1-300x225.jpeg\" class=\"attachment-medium size-medium wp-image-144\" alt=\"\" srcset=\"https:\/\/radio-marabu.de\/wordpress\/wp-content\/uploads\/2022\/02\/MARABU2018_Ju\u0308rgenEgerMitRadio-1024x768-1-300x225.jpeg 300w, https:\/\/radio-marabu.de\/wordpress\/wp-content\/uploads\/2022\/02\/MARABU2018_Ju\u0308rgenEgerMitRadio-1024x768-1-768x576.jpeg 768w, https:\/\/radio-marabu.de\/wordpress\/wp-content\/uploads\/2022\/02\/MARABU2018_Ju\u0308rgenEgerMitRadio-1024x768-1.jpeg 1024w\" sizes=\"(max-width: 300px) 100vw, 300px\" \/><\/div><\/a>\n\t\t\t\t<div class=\"elementor-post__badge\">Kolumne<\/div>\n\t\t\t\t<div class=\"elementor-post__text\">\n\t\t\t\t<h3 class=\"elementor-post__title\">\n\t\t\t<a href=\"https:\/\/radio-marabu.de\/wordpress\/index.php\/team\/juergen-eger\/\" >\n\t\t\t\tJ\u00fcrgen Eger\t\t\t<\/a>\n\t\t<\/h3>\n\t\t\t\t<div class=\"elementor-post__excerpt\">\n\t\t\t<p>1.Geboren 1954 in Berlin, Elektronik Diplomingenieur<\/p>\n<p>2 .1981 Preistr\u00e4ger bei den Chansontagen zu Frankfurt\/Oder- nannte sich Dichters\u00e4nger, Bekenntnis zu Hanns Eisler<\/p>\n<p>3.1982- 3 Titel auf der AMIGA LP Kleeblatt Nr.7 <\/p>\n<p>4.1984- das gelobte erste Album &#8222;Kopf hoch&#8220; auf AMIGA <\/p>\n<p>5.1987- die zweite LITERA LP &#8222;Diaeklektische Liederspr\u00fcche&#8220;- auch mit gesprochenen Texten <\/p>\n<p>6. nach 1989 publizistisch t\u00e4tig, u.a. f\u00fcr den MDR, Herausgeber etlicher B\u00fccher <\/p>\n\t\t<\/div>\n\t\t\t\t<\/div>\n\t\t\t\t\t<\/div>\n\t\t<\/article>\n\t\t\t\t<article class=\"elementor-post elementor-grid-item post-1007 team type-team status-publish has-post-thumbnail hentry funktion-moderation\" role=\"listitem\">\n\t\t\t<div class=\"elementor-post__card\">\n\t\t\t\t<a class=\"elementor-post__thumbnail__link\" href=\"https:\/\/radio-marabu.de\/wordpress\/index.php\/team\/viktor-alders\/\" tabindex=\"-1\" ><div class=\"elementor-post__thumbnail\"><img loading=\"lazy\" decoding=\"async\" width=\"300\" height=\"225\" src=\"https:\/\/radio-marabu.de\/wordpress\/wp-content\/uploads\/2022\/02\/ViktorSept2012_3-300x225.jpeg\" class=\"attachment-medium size-medium wp-image-133\" alt=\"\" srcset=\"https:\/\/radio-marabu.de\/wordpress\/wp-content\/uploads\/2022\/02\/ViktorSept2012_3-300x225.jpeg 300w, https:\/\/radio-marabu.de\/wordpress\/wp-content\/uploads\/2022\/02\/ViktorSept2012_3.jpeg 461w\" sizes=\"(max-width: 300px) 100vw, 300px\" \/><\/div><\/a>\n\t\t\t\t<div class=\"elementor-post__badge\">Moderation<\/div>\n\t\t\t\t<div class=\"elementor-post__text\">\n\t\t\t\t<h3 class=\"elementor-post__title\">\n\t\t\t<a href=\"https:\/\/radio-marabu.de\/wordpress\/index.php\/team\/viktor-alders\/\" >\n\t\t\t\tViktor Alders\t\t\t<\/a>\n\t\t<\/h3>\n\t\t\t\t<div class=\"elementor-post__excerpt\">\n\t\t\t<p>1.kommt aus Middelburg, dem d\u00f6senden S\u00fcden Hollands<\/p>\n<p>2.lebt und arbeitet in der HOFSTAD DEN HAAG<\/p>\n<p>3.Techniker bei DEN HAAG FM &#038; DEN HAAG TV <\/p>\n<p>4.sammelt  Maxis<\/p>\n<p>5.hat einen Zwilling- beide sind zusammen 4 Mt.gross<\/p>\n<p>6.mag deutsche St\u00e4dte und belgisches Bier<\/p>\n\t\t<\/div>\n\t\t\t\t<\/div>\n\t\t\t\t\t<\/div>\n\t\t<\/article>\n\t\t\t\t<article class=\"elementor-post elementor-grid-item post-1343 team type-team status-publish has-post-thumbnail hentry funktion-moderation\" role=\"listitem\">\n\t\t\t<div class=\"elementor-post__card\">\n\t\t\t\t<a class=\"elementor-post__thumbnail__link\" href=\"https:\/\/radio-marabu.de\/wordpress\/index.php\/team\/ulrich-schuster\/\" tabindex=\"-1\" ><div class=\"elementor-post__thumbnail\"><img loading=\"lazy\" decoding=\"async\" width=\"300\" height=\"225\" src=\"https:\/\/radio-marabu.de\/wordpress\/wp-content\/uploads\/2022\/02\/MARABUUlrichSchusterMitRadio-1024x768-1-300x225.jpeg\" class=\"attachment-medium size-medium wp-image-154\" alt=\"\" srcset=\"https:\/\/radio-marabu.de\/wordpress\/wp-content\/uploads\/2022\/02\/MARABUUlrichSchusterMitRadio-1024x768-1-300x225.jpeg 300w, https:\/\/radio-marabu.de\/wordpress\/wp-content\/uploads\/2022\/02\/MARABUUlrichSchusterMitRadio-1024x768-1-768x576.jpeg 768w, https:\/\/radio-marabu.de\/wordpress\/wp-content\/uploads\/2022\/02\/MARABUUlrichSchusterMitRadio-1024x768-1.jpeg 1024w\" sizes=\"(max-width: 300px) 100vw, 300px\" \/><\/div><\/a>\n\t\t\t\t<div class=\"elementor-post__badge\">Moderation<\/div>\n\t\t\t\t<div class=\"elementor-post__text\">\n\t\t\t\t<h3 class=\"elementor-post__title\">\n\t\t\t<a href=\"https:\/\/radio-marabu.de\/wordpress\/index.php\/team\/ulrich-schuster\/\" >\n\t\t\t\tUlrich Schuster\t\t\t<\/a>\n\t\t<\/h3>\n\t\t\t\t<div class=\"elementor-post__excerpt\">\n\t\t\t<p>1. Inhaber des Schallplattenladens Stralsund<\/p>\n<p>2. f\u00fcr die Koordinierung unserer Playlists am Start<\/p>\n<p>3. eine eigene Sendung soll entstehen, hier soll ausschlie\u00dflich Vinyl gespielt werden<\/p>\n\t\t<\/div>\n\t\t\t\t<\/div>\n\t\t\t\t\t<\/div>\n\t\t<\/article>\n\t\t\t\t<article class=\"elementor-post elementor-grid-item post-1342 team type-team status-publish has-post-thumbnail hentry funktion-wissenschaft\" role=\"listitem\">\n\t\t\t<div class=\"elementor-post__card\">\n\t\t\t\t<a class=\"elementor-post__thumbnail__link\" href=\"https:\/\/radio-marabu.de\/wordpress\/index.php\/team\/heiko-schafberg\/\" tabindex=\"-1\" ><div class=\"elementor-post__thumbnail\"><img loading=\"lazy\" decoding=\"async\" width=\"300\" height=\"200\" src=\"https:\/\/radio-marabu.de\/wordpress\/wp-content\/uploads\/2022\/02\/HeikoSchafberg-300x200.jpeg\" class=\"attachment-medium size-medium wp-image-153\" alt=\"\" srcset=\"https:\/\/radio-marabu.de\/wordpress\/wp-content\/uploads\/2022\/02\/HeikoSchafberg-300x200.jpeg 300w, https:\/\/radio-marabu.de\/wordpress\/wp-content\/uploads\/2022\/02\/HeikoSchafberg.jpeg 400w\" sizes=\"(max-width: 300px) 100vw, 300px\" \/><\/div><\/a>\n\t\t\t\t<div class=\"elementor-post__badge\">Wissenschaft<\/div>\n\t\t\t\t<div class=\"elementor-post__text\">\n\t\t\t\t<h3 class=\"elementor-post__title\">\n\t\t\t<a href=\"https:\/\/radio-marabu.de\/wordpress\/index.php\/team\/heiko-schafberg\/\" >\n\t\t\t\tHeiko Schafberg\t\t\t<\/a>\n\t\t<\/h3>\n\t\t\t\t<div class=\"elementor-post__excerpt\">\n\t\t\t<p>1. 1968 geboren<\/p>\n<p>2.  Studium der Zahnmedizin in Jena und Erfurt, Promotion in Jena <\/p>\n<p>3.  Zahnarzt seit 1995 <\/p>\n<p>4. gestaltet unsere Wellengespr\u00e4che zur Pandemie, auch das Energieformat AC DC<\/p>\n\t\t<\/div>\n\t\t\t\t<\/div>\n\t\t\t\t\t<\/div>\n\t\t<\/article>\n\t\t\t\t<article class=\"elementor-post elementor-grid-item post-1340 team type-team status-publish has-post-thumbnail hentry funktion-moderation\" role=\"listitem\">\n\t\t\t<div class=\"elementor-post__card\">\n\t\t\t\t<a class=\"elementor-post__thumbnail__link\" href=\"https:\/\/radio-marabu.de\/wordpress\/index.php\/team\/frank-matthias\/\" tabindex=\"-1\" ><div class=\"elementor-post__thumbnail\"><img loading=\"lazy\" decoding=\"async\" width=\"300\" height=\"169\" src=\"https:\/\/radio-marabu.de\/wordpress\/wp-content\/uploads\/2022\/02\/FraMat_FrankMatthias1-1024x576-1-300x169.png\" class=\"attachment-medium size-medium wp-image-151\" alt=\"\" srcset=\"https:\/\/radio-marabu.de\/wordpress\/wp-content\/uploads\/2022\/02\/FraMat_FrankMatthias1-1024x576-1-300x169.png 300w, https:\/\/radio-marabu.de\/wordpress\/wp-content\/uploads\/2022\/02\/FraMat_FrankMatthias1-1024x576-1-768x432.png 768w, https:\/\/radio-marabu.de\/wordpress\/wp-content\/uploads\/2022\/02\/FraMat_FrankMatthias1-1024x576-1.png 1024w\" sizes=\"(max-width: 300px) 100vw, 300px\" \/><\/div><\/a>\n\t\t\t\t<div class=\"elementor-post__badge\">Moderation<\/div>\n\t\t\t\t<div class=\"elementor-post__text\">\n\t\t\t\t<h3 class=\"elementor-post__title\">\n\t\t\t<a href=\"https:\/\/radio-marabu.de\/wordpress\/index.php\/team\/frank-matthias\/\" >\n\t\t\t\tFrank Matthias\t\t\t<\/a>\n\t\t<\/h3>\n\t\t\t\t<div class=\"elementor-post__excerpt\">\n\t\t\t<p>1.Berliner K\u00fcnstler, 1963 geboren<\/p>\n<p>2.eigene Band ab 1981<\/p>\n<p>3.\u00dcber LORD LITTER Zugang zur Kassettenszene 1989<\/p>\n<p>4.Gitarrenunterricht gebend<\/p>\n<p>5.gestaltet ein Fundb\u00fcro in dem seltene Musik wiederentdeckt wird.<\/p>\n\t\t<\/div>\n\t\t\t\t<\/div>\n\t\t\t\t\t<\/div>\n\t\t<\/article>\n\t\t\t\t<article class=\"elementor-post elementor-grid-item post-1339 team type-team status-publish has-post-thumbnail hentry funktion-moderation\" role=\"listitem\">\n\t\t\t<div class=\"elementor-post__card\">\n\t\t\t\t<a class=\"elementor-post__thumbnail__link\" href=\"https:\/\/radio-marabu.de\/wordpress\/index.php\/team\/billy-brown\/\" tabindex=\"-1\" ><div class=\"elementor-post__thumbnail\"><img loading=\"lazy\" decoding=\"async\" width=\"300\" height=\"300\" src=\"https:\/\/radio-marabu.de\/wordpress\/wp-content\/uploads\/2022\/05\/DanielJames2022-300x300.jpg\" class=\"attachment-medium size-medium wp-image-43241\" alt=\"\" srcset=\"https:\/\/radio-marabu.de\/wordpress\/wp-content\/uploads\/2022\/05\/DanielJames2022-300x300.jpg 300w, https:\/\/radio-marabu.de\/wordpress\/wp-content\/uploads\/2022\/05\/DanielJames2022-1024x1024.jpg 1024w, https:\/\/radio-marabu.de\/wordpress\/wp-content\/uploads\/2022\/05\/DanielJames2022-150x150.jpg 150w, https:\/\/radio-marabu.de\/wordpress\/wp-content\/uploads\/2022\/05\/DanielJames2022-768x767.jpg 768w, https:\/\/radio-marabu.de\/wordpress\/wp-content\/uploads\/2022\/05\/DanielJames2022.jpg 1440w\" sizes=\"(max-width: 300px) 100vw, 300px\" \/><\/div><\/a>\n\t\t\t\t<div class=\"elementor-post__badge\">Moderation<\/div>\n\t\t\t\t<div class=\"elementor-post__text\">\n\t\t\t\t<h3 class=\"elementor-post__title\">\n\t\t\t<a href=\"https:\/\/radio-marabu.de\/wordpress\/index.php\/team\/billy-brown\/\" >\n\t\t\t\tDANIEL JAMES\t\t\t<\/a>\n\t\t<\/h3>\n\t\t\t\t<div class=\"elementor-post__excerpt\">\n\t\t\t<p>1. britischer Musiker, startete 1986 f\u00fcr den Grand Prix mit &#8222;No Easy Way to Love&#8220;<\/p>\n<p>2.Top 10 UK 1990 mit dem Duo YELL! und dem Dan Hartman Klassiker &#8222;Instant Replay&#8220;<\/p>\n<p>3. Moderator im BBC Kinder TV<\/p>\n<p>4. auch Schauspieler, u.a. &#8222;Eastenders&#8220; und &#8222;Coronation Street&#8220;<\/p>\n\t\t<\/div>\n\t\t\t\t<\/div>\n\t\t\t\t\t<\/div>\n\t\t<\/article>\n\t\t\t\t<article class=\"elementor-post elementor-grid-item post-1338 team type-team status-publish has-post-thumbnail hentry funktion-moderation\" role=\"listitem\">\n\t\t\t<div class=\"elementor-post__card\">\n\t\t\t\t<a class=\"elementor-post__thumbnail__link\" href=\"https:\/\/radio-marabu.de\/wordpress\/index.php\/team\/andreas-weniger\/\" tabindex=\"-1\" ><div class=\"elementor-post__thumbnail\"><img loading=\"lazy\" decoding=\"async\" width=\"300\" height=\"225\" src=\"https:\/\/radio-marabu.de\/wordpress\/wp-content\/uploads\/2022\/04\/AndreasWeniger-300x225.jpg\" class=\"attachment-medium size-medium wp-image-40871\" alt=\"\" srcset=\"https:\/\/radio-marabu.de\/wordpress\/wp-content\/uploads\/2022\/04\/AndreasWeniger-300x225.jpg 300w, https:\/\/radio-marabu.de\/wordpress\/wp-content\/uploads\/2022\/04\/AndreasWeniger-1024x768.jpg 1024w, https:\/\/radio-marabu.de\/wordpress\/wp-content\/uploads\/2022\/04\/AndreasWeniger-768x576.jpg 768w, https:\/\/radio-marabu.de\/wordpress\/wp-content\/uploads\/2022\/04\/AndreasWeniger-1536x1152.jpg 1536w, https:\/\/radio-marabu.de\/wordpress\/wp-content\/uploads\/2022\/04\/AndreasWeniger.jpg 2048w\" sizes=\"(max-width: 300px) 100vw, 300px\" \/><\/div><\/a>\n\t\t\t\t<div class=\"elementor-post__badge\">Moderation<\/div>\n\t\t\t\t<div class=\"elementor-post__text\">\n\t\t\t\t<h3 class=\"elementor-post__title\">\n\t\t\t<a href=\"https:\/\/radio-marabu.de\/wordpress\/index.php\/team\/andreas-weniger\/\" >\n\t\t\t\tAndreas Weniger\t\t\t<\/a>\n\t\t<\/h3>\n\t\t\t\t<div class=\"elementor-post__excerpt\">\n\t\t\t<p>1. leitet das Studio Mansfeld<\/p>\n<p>2. vor allem f\u00fcr programmliche Koordination f\u00fcr den Schwestersender &#8230;ddreins zust\u00e4ndig.<\/p>\n<p>3. dort mit seiner Frau auch programmlich aktiv, z.Bsp. mit den Blauen Wimpeln.<\/p>\n\t\t<\/div>\n\t\t\t\t<\/div>\n\t\t\t\t\t<\/div>\n\t\t<\/article>\n\t\t\t\t<article class=\"elementor-post elementor-grid-item post-1337 team type-team status-publish has-post-thumbnail hentry funktion-moderation\" role=\"listitem\">\n\t\t\t<div class=\"elementor-post__card\">\n\t\t\t\t<a class=\"elementor-post__thumbnail__link\" href=\"https:\/\/radio-marabu.de\/wordpress\/index.php\/team\/chris-mainfield\/\" tabindex=\"-1\" ><div class=\"elementor-post__thumbnail\"><img loading=\"lazy\" decoding=\"async\" width=\"300\" height=\"225\" src=\"https:\/\/radio-marabu.de\/wordpress\/wp-content\/uploads\/2022\/02\/ChrisMainfield2020-300x225.jpeg\" class=\"attachment-medium size-medium wp-image-147\" alt=\"\" srcset=\"https:\/\/radio-marabu.de\/wordpress\/wp-content\/uploads\/2022\/02\/ChrisMainfield2020-300x225.jpeg 300w, https:\/\/radio-marabu.de\/wordpress\/wp-content\/uploads\/2022\/02\/ChrisMainfield2020-768x576.jpeg 768w, https:\/\/radio-marabu.de\/wordpress\/wp-content\/uploads\/2022\/02\/ChrisMainfield2020.jpeg 960w\" sizes=\"(max-width: 300px) 100vw, 300px\" \/><\/div><\/a>\n\t\t\t\t<div class=\"elementor-post__badge\">Moderation<\/div>\n\t\t\t\t<div class=\"elementor-post__text\">\n\t\t\t\t<h3 class=\"elementor-post__title\">\n\t\t\t<a href=\"https:\/\/radio-marabu.de\/wordpress\/index.php\/team\/chris-mainfield\/\" >\n\t\t\t\tChris Mainfield\t\t\t<\/a>\n\t\t<\/h3>\n\t\t\t\t<div class=\"elementor-post__excerpt\">\n\t\t\t<p>1.aus \u00d6sterreich, in Berlin mit Frau und Kind<\/p>\n<p>2.in der Produktion u.a.f\u00fcr Jingles verantwortlich<\/p>\n<p>3. auf dem Schwesterprogramm &#8230;ddreins auch als Moderator zu h\u00f6ren<\/p>\n<p>4. f\u00fcr das komplette gesungene Jinglepaket auf dem Schwesterprogramm &#8230;romantikliterock verantwortlich<\/p>\n\t\t<\/div>\n\t\t\t\t<\/div>\n\t\t\t\t\t<\/div>\n\t\t<\/article>\n\t\t\t\t<\/div>\n\t\t\t\t\t<span class=\"e-load-more-spinner\">\n\t\t\t\t<i aria-hidden=\"true\" class=\"fas fa-spinner\"><\/i>\t\t\t<\/span>\n\t\t\n\t\t\t\t<div class=\"e-load-more-anchor\" data-page=\"1\" data-max-page=\"3\" data-next-page=\"https:\/\/radio-marabu.de\/wordpress\/index.php\/wp-json\/wp\/v2\/pages\/810\/page\/2\/\"><\/div>\n\t\t\t\t<div class=\"elementor-button-wrapper\">\n\t\t\t<a class=\"elementor-button elementor-size-sm\" role=\"button\">\n\t\t\t\t\t\t<span class=\"elementor-button-content-wrapper\">\n\t\t\t\t\t\t\t\t\t<span class=\"elementor-button-text\">mehr...<\/span>\n\t\t\t\t\t<\/span>\n\t\t\t\t\t<\/a>\n\t\t<\/div>\n\t\t\t\t<div class=\"e-load-more-message\"><\/div>\n\t\t\t\t\t\t<\/div>\n\t\t\t\t<\/div>\n\t\t\t\t\t<\/div>\n\t\t<\/div>\n\t\t\t\t\t<\/div>\n\t\t<\/section>\n\t\t\t\t<\/div>\n\t\t","protected":false},"excerpt":{"rendered":"","protected":false},"author":2,"featured_media":0,"parent":0,"menu_order":0,"comment_status":"closed","ping_status":"closed","template":"","meta":{"_acf_changed":false,"episode_type":"","audio_file":"","podmotor_file_id":"","podmotor_episode_id":"","cover_image":"","cover_image_id":"","duration":"","filesize":"","filesize_raw":"","date_recorded":"","explicit":"","block":"","itunes_episode_number":"","itunes_title":"","itunes_season_number":"","itunes_episode_type":"","footnotes":""},"class_list":["post-810","page","type-page","status-publish","hentry"],"acf":[],"_links":{"self":[{"href":"https:\/\/radio-marabu.de\/wordpress\/index.php\/wp-json\/wp\/v2\/pages\/810","targetHints":{"allow":["GET"]}}],"collection":[{"href":"https:\/\/radio-marabu.de\/wordpress\/index.php\/wp-json\/wp\/v2\/pages"}],"about":[{"href":"https:\/\/radio-marabu.de\/wordpress\/index.php\/wp-json\/wp\/v2\/types\/page"}],"author":[{"embeddable":true,"href":"https:\/\/radio-marabu.de\/wordpress\/index.php\/wp-json\/wp\/v2\/users\/2"}],"replies":[{"embeddable":true,"href":"https:\/\/radio-marabu.de\/wordpress\/index.php\/wp-json\/wp\/v2\/comments?post=810"}],"version-history":[{"count":64,"href":"https:\/\/radio-marabu.de\/wordpress\/index.php\/wp-json\/wp\/v2\/pages\/810\/revisions"}],"predecessor-version":[{"id":48919,"href":"https:\/\/radio-marabu.de\/wordpress\/index.php\/wp-json\/wp\/v2\/pages\/810\/revisions\/48919"}],"wp:attachment":[{"href":"https:\/\/radio-marabu.de\/wordpress\/index.php\/wp-json\/wp\/v2\/media?parent=810"}],"curies":[{"name":"wp","href":"https:\/\/api.w.org\/{rel}","templated":true}]}}